{"id":2064,"date":"2021-05-17T13:41:50","date_gmt":"2021-05-17T11:41:50","guid":{"rendered":"http:\/\/chooseristorante.com\/politica-di-protezione-dei-dati-2\/"},"modified":"2021-07-20T11:38:54","modified_gmt":"2021-07-20T09:38:54","slug":"politica-sulla-privacy","status":"publish","type":"page","link":"https:\/\/chooseristorante.com\/it\/politica-sulla-privacy\/","title":{"rendered":"Politica sulla privacy"},"content":{"rendered":"\n<h2 class=\"wp-block-heading\">Titolare del sito web<\/h2>\n\n<ul class=\"wp-block-list\"><li>Denominazione sociale: Choose Ristorante Naturale<\/li><li>CIF: Y4470602Z<\/li><li>Domicilio sociale: Calle de Segovia 17, 28005 Madrid<\/li><li>Attivit\u00e1: Ristorazione<\/li><li>Email: privacidad@chooseristorante.com<\/li><li>Pagine di Choose Ristorante Naturale: http:\/\/chooseristorante.com\/ (da ora in avanti \u201cLa nostra pagina web\u201d)<\/li><li>Finalit\u00e1 del sito web: Informazione e gestione delle prenotazioni<\/li><\/ul>\n\n<h2 class=\"wp-block-heading\">Responsabile del trattamento dei dati (responsabile)<\/h2>\n\n<p>Choose Ristorante Naturale, email del contatto: <a href=\"mailto:privacidad@chooseristorante.com\">privacidad@chooseristorante.com<\/a><\/p>\n\n<h2 class=\"wp-block-heading\">Che tipo di informazioni richiediamo e a che scopo si utilizzano (finalit\u00e1)<\/h2>\n\n<p>La finalit\u00e1 del trattamento di questi dati sar\u00e1 unicamente quella di fornire le informazioni o i servizi che ci vengono richiesti.<\/p>\n\n<p>I dati di carattere personale che possano essere recopilati da questa pagina web saranno trattati con le finalit\u00e1 stabilite qui di seguito:<\/p>\n\n<ul class=\"wp-block-list\"><li>Formulario del contatto. I dati che ci vengono forniti attraverso i formulari \u201ccontatto\u201d di questo sito saranno trattati con la fnalit\u00e1 di rispondere allerichieste che ci vengono pres\u00e9ntate attraverso del suddetto formulario.<\/li><li>Registro degli usuari: non si ammettono registrazioni degli usuari<\/li><\/ul>\n\n<p>Web e hosting: \u201cIl nostro sito web\u201d conta con crittografia SSL TLS v.1.2 che permette l\u2019invio sicuro dei dati personali attraverso i formulari di contatto standard, siti nei server forniti da SiteGround Spain S.L.&#13;\n<\/p>\n\n<p>I dati raccolti attraverso la pagina web: i dati perosnali raccolti saranno oggetto di trattamento automatizzato e incorporati ai corrispondenti files di cui Choose Ristorante Naturale \u00e9 titolare.<\/p>\n\n<ul class=\"wp-block-list\"><li>Il tuo IP, che sar\u00e1 utilizzato per comprovare l\u2019origine del messaggio con il fine di offrire informazioni, protezione contro eventuali commenti SPAM e per individuare possibili irregolarit\u00e1 cos\u00ed come i dati relativi al suo ISP.<\/li><li>Allo stesso tempo, potr\u00e1 facilitarci i suoi dati attraverso l\u2019email o gli altri mezzi che indichiamo nella sezione di contatto e altri formulari nella \u201cNostra pagina web\u201d.<\/li><\/ul>\n\n<h3 class=\"wp-block-heading\">Conservazione dei dati<\/h3>\n\n<p>Dati disaggregati: I dati disaggregati saranno conservati senza rermine di soppressione.<\/p>\n\n<p>Dati dei clienti del negozio online: Il periodo di conservazione dei dati personali cambier\u00e1 secondo la funzione del servicio acquisito nella \u201cNostra pagina web\u201d. In ogni caso, sar\u00e1 il minimo necesario, potendo mantenersi fino:<\/p>\n\n<ul class=\"wp-block-list\"><li>4 anni: Legge sulle infrazioni e sanzioni di Ordine Sociale ( obbligazioni in materia di affiliazione, registrazioni, annullazioni, prezzi, paga degli stipendi\u2026) Artt.66 e seg. Legge Generale Tributaria (libri contabili\u2026)<\/li><li>5 anni: Art. 1964 Codice Civile (azioni personali senza limiti speciali)<\/li><li>6 anni: Art. 30 Codice di Commercio (libri contabili, fatture\u2026)<\/li><li>10 anni: Art. 25 Legge di prevenzione del riciclaggio di Capitali e Finanziazione al Terrorismo.<\/li><\/ul>\n\n<p>Dati degli iscritti al feed per email: Dal momento in cui l\u2019usuario si iscrive fino a quando cancella l\u2019iscrizione<\/p>\n\n<p>Dati degli iscritti alla newsletter: Dal momento in cui l\u2019usuario si iscrive fino a quando cancella l\u2019iscrizione<\/p>\n\n<p>Dati degli usuari immessi da Choose Ristorante Naturale a pagine e profili nelle reti social: Dal momento in cui l\u2019usuario offre il suo consenso fino a quando lo ritira.<\/p>\n\n<h3 class=\"wp-block-heading\">Segretezza e sicurezza dei dati<\/h3>\n\n<p>Choose Ristorante Naturale si compromette, nell\u2019uso dei dati, a rispettare la confidenzialit\u00e1 e a utilizzarli in accordo alle finalit\u00e1 degli stessi, cos\u00ed come a compiere all\u2019obbligazione di conservarli e adottare tutti i mezzi per evitare l\u2019alterazione, la perdita e il trattamento o accesso non autorizzato, in conformit\u00e1 con quanto stabilito dal Real Decreto 1720\/2007 del 21 Dicembre secondo il quale si approva il Regolamento di Sviluppo della lLegge Organica 15\/1999 del 13 Dicembre, di Protezione dei Dati di Carattere Personale. Lei garantisce che i dati personali forniti attraverso il formulario siano veritieri, rimanendo obbligato a comunicare qualsiasi modifica degli stessi.<\/p>\n\n<p>Allo stesso tempo garantisce che tutte le informazioni fornite corrispondono alla sua situazione reale. Lei \u00e9 l\u2019unico responsabile dell\u2019esattezza o falsit\u00e1 dei dati forniti e dei dannii che possano causare a Choose Ristorante Naturale come titolare di o a terzi con motivo d\u2019uso dei suddetti dati.<\/p>\n\n<h3 class=\"wp-block-heading\">Violazione della sicurezza<\/h3>\n\n<p>La \u201cNostra pagina web\u201d adotta mezzi di sicurezza adeguati per poter rilevare l\u2019esistenza di virus, attacchi forzosi o iniezioni di codici dannosi.<\/p>\n\n<p>Nonostante, deve essere al corrente del fatto che i mezzi di sicurezza dei sistema informatici in Internet non sono infallibili ed \u00e9 per questo che Choose Ristorante Naturale non pu\u00f3 garantire la inesistenza di virus o altri elementi che possano produrre alterazioni nei sistema informatici (software e hardware) dell\u2019usuario o nei suoi documenti elettronici o files contenuti negli stessi.<\/p>\n\n<p>Ci\u00f3 nonostante, ai fini di garantire la sicurezza e la privacy dei suoi dati personali, disponiamo di un sistema di vigilanza attivo che avvisa di ogni attivit\u00e1 degli utenti e possibili violazioni della sicurezza dei dati degli usuari. Nel caso in cui si rilevi una qualsiasi violazione ci compromettiamo a informare gli usuari con un limite massimo di 72 ore.<\/p>\n\n<h2 class=\"wp-block-heading\">Legittimazione del trattamento dei dati<\/h2>\n\n<p>Possiamo trattare i suoi dati grazie al suo consenso offerto cliccando il check box di accettazione della presente pol\u00edtica sulla privacy e in funzione alle finalit\u00e1 che indichiamo piu in alto. Le raccomandiamo di fornire informazioni veritiere poich\u00e9 nel momento in cui si offrono dati personali si garantisce l\u2019autenticit\u00e1 degli stessi per evitare qualsiasi danno a Choose Ristorante Naturale al facilitare dati falsi a terzi.<\/p>\n\n<h2 class=\"wp-block-heading\">Destinatari dei dati<\/h2>\n\n<p>I dati personali ottenuti attraverso della \u201cNostra pagina web\u201d non saranno comunicati a terzi.<\/p>\n\n<h2 class=\"wp-block-heading\">Diritto di protezione della privacy<\/h2>\n\n<p>Come esercitare i suoi diritti: Pu\u00f3 redattare una comunicazione scritta al domicilio sociale di Choose Ristorante Naturale o all\u2019email <a href=\"mailto:privacidad@chooseristorante.com\">privacidad@chooseristorante.com<\/a>, includendo in qualsiasi caso la fotocopia della sua carta d\u2019identit\u00e1 o di un altro documento identificativo, per sollecitare l\u2019esercizio dei seguenti diritti:<\/p>\n\n<ul class=\"wp-block-list\"><li>Diritto a sollecitare l\u2019accesso ai dati personali: pu\u00f3 chiederci se stiamo tratando i suoi dati personali.<\/li><li>Diritto a sollecitarela rettifica nel caso in cui non siano corretti.<\/li><li>Diritto a sollecitare la limitazione del trattamento dei dati e in questo caso li conserveremo per l\u2019esercizio o la difesa delle reclamazioni.<\/li><li>Diritto a opporsi al trattamento dei dati: Choose Ristorante Naturale cesser\u00e1 di utilizzare i suoi dati nella forma da lei indicata, salvo in caso di motivi legittimi imperiosi, obblighi fiscali, l\u2019esercizio o la difesa di possibili reclamazioni.<\/li><li>Diritto alla portabilit\u00e1 dei dati: nel caso in cui si voglia che i dati siano trattati da un altro responsabile, le facilitaremo la portabilit\u00e1 dei suoi dati al nuovo responsabile.<\/li><li>Diritto alla cancellazione dei dati: salvo in caso di obblighi legali, i suoi dati verranno cancellati secondo richiesta e conferma.<\/li><\/ul>\n\n<p>Modelli, formulari e altre informazioni sui suoi diritti: <a href=\"https:\/\/www.aepd.es\/\" target=\"_blank\" rel=\"noreferrer noopener\">P\u00e1gina oficial de la Agencia Espa\u00f1ola de Protecci\u00f3n de Datos<\/a>.<\/p>\n\n<p>Possibilit\u00e1 di ritirare il consenso: nel caso in cui abbia concesso il suo consenso per una causa specifica, ha il diritto di ritirarlo in qualsiasi momento senza che questo abbia ripercussioni sulla liceit\u00e1 del trattamento basato sul consenso previo al suo ritiro.<\/p>\n\n<p>Come fare richiesta dinanzi la Autoridad de Control: se considera che ci sia stato un problema el modo in cui stiamo trattando i suoi dati, pu\u00f3 presentare una richiesta al Responsabile della Privacy indicato in alto o all\u2019autorit\u00e1 di protezione dei dati corrispondente, essendo la\u00a0 <a href=\"https:\/\/www.agpd.es\/\" target=\"_blank\" rel=\"noreferrer noopener\">Agencia Espa\u00f1ola de Protecci\u00f3n de Datos<\/a>, l\u2019entit\u00e1 competente nel caso della Spagna.<\/p>\n\n<h2 class=\"wp-block-heading\">Contenuto integrato da altre web<\/h2>\n\n<p>La nostra pagina web pu\u00f3 includere contenuti integrati come video, immagini, articoli ecc.<\/p>\n\n<p>Il contenuto integrato da altre pagine web si comporta come se il visitante stesse visitando l\u2019altra pagina web. Queste pagine web possono raccogliere dati, usar cookies e vigilare la sua interazione con il contenuto integrato, incluso il tracciamento della sua interazione con il contenuto stesso se ha un account o \u00e8 connesso con questa pagina web.<\/p>\n\n<h2 class=\"wp-block-heading\">Links<\/h2>\n\n<p>In questo sito possono esserci link a pagine queb di terzi. In questi casi, non ci facciamo responsabili della pol\u00edtica sulla privacy che i suddetti terzi esercitino sui dati di carattere personale che ricevono. Le raccomandiamo che legga le politiche sulla privacy dei suddetti siti internet.<\/p>\n\n<h2 class=\"wp-block-heading\">Reti sociali<\/h2>\n\n<ul class=\"wp-block-list\"><li>Presenza nelle reti: abbiamo profili nelle principali reti social di Internet.<\/li><li>Finalit\u00e1 nelle reti: Il trattamento che faremo in ognuina delle reti sar\u00e1, al massimo, quello che la rete sociale permetta ai profili corporativi. Quindi potremo, informare, nel caso in cui non sia vietato per legge, i suoi seguitori per qualsiai via che la rete sociale permetta in quanto alle sue attivit\u00e1, presentazioni, offerte cos\u00ed come prestare servicio personalizzato di attenzione al cliente.<\/li><li>Estrazione dei dati: in nessun caso estrarremo u dati delle reti social, a meno che si abbia espresso ed puntuale consenso dell\u2019utente.<\/li><li>Diritti: Cuando, dovuto alla propia natura delle reti social, l\u2019esercizio effettivo dei diritti di protezione dei dati del follower sia sospeso per la modifica del profilo personale dello stesso, potremo consigliare nella misura delle nostre possibilit\u00e1.<\/li><\/ul>\n\n<h2 class=\"wp-block-heading\">Compromessi e obblighi con i nostri utenti<\/h2>\n\n<p>L\u2019accesso e\/o udo della \u201cNostra pagina Web\u201d attribuisce, a chi lo realizza, la condizione di utente, accettando, da questo stesso momento, pienamente il presente avviso legale. <\/p>\n\n<p>Nell\u2019uso della \u201cNostra pagina Web\u201d l\u2019utente si compromette a non mettere in atto nessuna condotta che possa danneggiare l\u2019immagine, gli interessi e i diritti di Choose Ristorante Naturale o di terzi o che possa danneggiare, inutilizzare o sovraccaricare la \u201cNostra pagina Web\u201d.<\/p>\n\n<h2 class=\"wp-block-heading\">Vigenza e modifica della presente politica di protezione dei dati<\/h2>\n\n<p>La suddetta pol\u00edtica della privacy \u00e8 vigente dal <strong>16-06-2021<\/strong>. Choose Ristorante Naturale si reserva il diritto a modificare la sua pol\u00edtica sulla privacy nel caso in cui ci sia un cambiamento nella legislazione vigente, dottrina giurisprudenziale o per criteri impresariali interni. Se si introducesse qualsiasi cambiamento in questa pol\u00edtica nel nuovo testo, si pubblicher\u00e1 a questo stesso indirizzo.<\/p>\n","protected":false},"excerpt":{"rendered":"<p>Titolare del sito web Denominazione sociale: Choose Ristorante Naturale CIF: Y4470602Z Domicilio sociale: Calle de Segovia 17, 28005 Madrid Attivit\u00e1: Ristorazione Email: privacidad@chooseristorante.com Pagine di Choose Ristorante Naturale: http:\/\/chooseristorante.com\/ (da ora in avanti \u201cLa nostra pagina web\u201d) Finalit\u00e1 del sito web: Informazione e gestione delle prenotazioni Responsabile del trattamento dei dati (responsabile) Choose Ristorante Naturale, [&hellip;]<\/p>\n","protected":false},"author":1,"featured_media":0,"parent":0,"menu_order":0,"comment_status":"closed","ping_status":"closed","template":"page-legal.php","meta":{"_acf_changed":false,"footnotes":""},"class_list":["post-2064","page","type-page","status-publish","hentry"],"acf":[],"_links":{"self":[{"href":"https:\/\/chooseristorante.com\/it\/wp-json\/wp\/v2\/pages\/2064","targetHints":{"allow":["GET"]}}],"collection":[{"href":"https:\/\/chooseristorante.com\/it\/wp-json\/wp\/v2\/pages"}],"about":[{"href":"https:\/\/chooseristorante.com\/it\/wp-json\/wp\/v2\/types\/page"}],"author":[{"embeddable":true,"href":"https:\/\/chooseristorante.com\/it\/wp-json\/wp\/v2\/users\/1"}],"replies":[{"embeddable":true,"href":"https:\/\/chooseristorante.com\/it\/wp-json\/wp\/v2\/comments?post=2064"}],"version-history":[{"count":0,"href":"https:\/\/chooseristorante.com\/it\/wp-json\/wp\/v2\/pages\/2064\/revisions"}],"wp:attachment":[{"href":"https:\/\/chooseristorante.com\/it\/wp-json\/wp\/v2\/media?parent=2064"}],"curies":[{"name":"wp","href":"https:\/\/api.w.org\/{rel}","templated":true}]}}